{"id":3955,"date":"2023-05-09T16:09:29","date_gmt":"2023-05-09T20:09:29","guid":{"rendered":"https:\/\/www.dev.miziknou.com\/wpmzn\/?page_id=3955"},"modified":"2023-05-25T18:57:19","modified_gmt":"2023-05-25T22:57:19","slug":"les-albums","status":"publish","type":"page","link":"https:\/\/www.dev.miziknou.com\/wpmzn\/les-albums\/","title":{"rendered":"Les albums"},"content":{"rendered":"<section class=\"wpb-content-wrapper\"><p>[vc_row][vc_column]<div class=\"gt-heading gt-style-1 gt-light gt-align-left\"><div class=\"gt-subtitle\">D\u00e9couvrez tous les albums \u00e9cout\u00e9s dans la Cara\u00efbe, depuis le d\u00e9but de la production discographique.<\/div><h1 class=\"gt-title\">Albums \/ Singles<\/h1><\/div>[\/vc_column][\/vc_row][vc_row][vc_column]<div class=\"gt-heading gt-style-1 gt-light gt-align-left\"><div class=\"gt-subtitle\">\u00ab Un peuple sans m\u00e9moire est un peuple sans avenir \u00bb (Ferdinand Foch).<\/div><\/div>[\/vc_column][\/vc_row][vc_row][vc_column][vc_empty_space]<div class=\"gt-heading gt-style-1 gt-light gt-align-left\"><div class=\"gt-subtitle\">Recherche par mot-cl\u00e9 :<\/div><\/div><div class=\"gt-taxonomy-listing gt-style-1 gt-light\"><ul><li><a href=\"https:\/\/www.dev.miziknou.com\/wpmzn\/title-genre\/zouk\/?post_type=title-item\" class=\"gt-category-358\">Zouk<span>4<\/span><\/a><\/li><li><a href=\"https:\/\/www.dev.miziknou.com\/wpmzn\/title-genre\/western\/?post_type=title-item\" class=\"gt-category-311\">Western<span>0<\/span><\/a><\/li><li><a href=\"https:\/\/www.dev.miziknou.com\/wpmzn\/title-genre\/war\/?post_type=title-item\" class=\"gt-category-309\">War<span>0<\/span><\/a><\/li><li><a href=\"https:\/\/www.dev.miziknou.com\/wpmzn\/title-genre\/tumbele\/?post_type=title-item\" class=\"gt-category-357\">Tumb\u00e9l\u00e9<span>0<\/span><\/a><\/li><li><a href=\"https:\/\/www.dev.miziknou.com\/wpmzn\/title-genre\/traditionnel-biguine-mazurka-valsa-etc\/?post_type=title-item\" class=\"gt-category-356\">Traditionnel (Biguine, Mazurka, Valsa, etc...)<span>0<\/span><\/a><\/li><li><a href=\"https:\/\/www.dev.miziknou.com\/wpmzn\/title-genre\/thriller\/?post_type=title-item\" class=\"gt-category-284\">Thriller<span>0<\/span><\/a><\/li><li><a href=\"https:\/\/www.dev.miziknou.com\/wpmzn\/title-genre\/talk-show\/?post_type=title-item\" class=\"gt-category-280\">Talk-Show<span>0<\/span><\/a><\/li><li><a href=\"https:\/\/www.dev.miziknou.com\/wpmzn\/title-genre\/sport\/?post_type=title-item\" class=\"gt-category-273\">Sport<span>0<\/span><\/a><\/li><li><a href=\"https:\/\/www.dev.miziknou.com\/wpmzn\/title-genre\/slows-boleros\/?post_type=title-item\" class=\"gt-category-355\">Slows &amp; Bol\u00e9ros<span>0<\/span><\/a><\/li><li><a href=\"https:\/\/www.dev.miziknou.com\/wpmzn\/title-genre\/reggae-dance-hall-ragga-bouillon\/?post_type=title-item\" class=\"gt-category-354\">Reggae, Dance-Hall, Ragga, Bouillon ...<span>0<\/span><\/a><\/li><li><a href=\"https:\/\/www.dev.miziknou.com\/wpmzn\/title-genre\/reggae-musiques-jamaicaines\/?post_type=title-item\" class=\"gt-category-353\">Reggae &amp; Musiques Jama\u00efcaines<span>0<\/span><\/a><\/li><li><a href=\"https:\/\/www.dev.miziknou.com\/wpmzn\/title-genre\/podcast\/?post_type=title-item\" class=\"gt-category-430\">Podcast<span>0<\/span><\/a><\/li><li><a href=\"https:\/\/www.dev.miziknou.com\/wpmzn\/title-genre\/musiques-trinidadiennes\/?post_type=title-item\" class=\"gt-category-352\">Musiques Trinidadiennes<span>0<\/span><\/a><\/li><li><a href=\"https:\/\/www.dev.miziknou.com\/wpmzn\/title-genre\/musiques-latines\/?post_type=title-item\" class=\"gt-category-351\">Musiques Latines<span>0<\/span><\/a><\/li><li><a href=\"https:\/\/www.dev.miziknou.com\/wpmzn\/title-genre\/musique-haitienne\/?post_type=title-item\" class=\"gt-category-350\">Musique Ha\u00eftienne<span>0<\/span><\/a><\/li><li><a href=\"https:\/\/www.dev.miziknou.com\/wpmzn\/title-genre\/gwo-ka\/?post_type=title-item\" class=\"gt-category-349\">Gwo Ka<span>0<\/span><\/a><\/li><li><a href=\"https:\/\/www.dev.miziknou.com\/wpmzn\/title-genre\/creole-jazz\/?post_type=title-item\" class=\"gt-category-348\">Cr\u00e9ole Jazz<span>0<\/span><\/a><\/li><li><a href=\"https:\/\/www.dev.miziknou.com\/wpmzn\/title-genre\/creole-folk\/?post_type=title-item\" class=\"gt-category-347\">Cr\u00e9ole Folk<span>0<\/span><\/a><\/li><li><a href=\"https:\/\/www.dev.miziknou.com\/wpmzn\/title-genre\/compas\/?post_type=title-item\" class=\"gt-category-346\">Compas<span>0<\/span><\/a><\/li><li><a href=\"https:\/\/www.dev.miziknou.com\/wpmzn\/title-genre\/chouval-bwa\/?post_type=title-item\" class=\"gt-category-345\">Chouval Bwa<span>0<\/span><\/a><\/li><li><a href=\"https:\/\/www.dev.miziknou.com\/wpmzn\/title-genre\/cadence-lypso\/?post_type=title-item\" class=\"gt-category-344\">Cadence-Lypso<span>0<\/span><\/a><\/li><li><a href=\"https:\/\/www.dev.miziknou.com\/wpmzn\/title-genre\/cadence-rampa\/?post_type=title-item\" class=\"gt-category-343\">Cadence Rampa<span>0<\/span><\/a><\/li><li><a href=\"https:\/\/www.dev.miziknou.com\/wpmzn\/title-genre\/cadence\/?post_type=title-item\" class=\"gt-category-342\">Cadence<span>0<\/span><\/a><\/li><li><a href=\"https:\/\/www.dev.miziknou.com\/wpmzn\/title-genre\/bele-danmier\/?post_type=title-item\" class=\"gt-category-341\">B\u00e8l\u00e8, danmier<span>0<\/span><\/a><\/li><\/ul><\/div>[vc_separator][\/vc_column][\/vc_row][vc_row][vc_column]<div class=\"gt-title-listing gt-style-1\"><div class=\"gt-grid gt-grid-4 gt-spacing-10\"><div class=\"gt-grid-col\"><div class=\"gt-title-item gt-style-1 gt-align-center gt-light\"><div class=\"gt-poster\"><a href=\"https:\/\/www.dev.miziknou.com\/wpmzn\/title-item\/a-la-kwakans\/\"><\/a><img loading=\"lazy\" decoding=\"async\" width=\"370\" height=\"545\" src=\"data:image\/svg+xml,%3Csvg%20xmlns%3D%27https:\/\/www.w3.org\/2000\/svg%27%20viewBox%3D%270%200%203%202%27%3E%3C\/svg%3E\" class=\"attachment-noxe-title-poster-1 size-noxe-title-poster-1 gt-lazy-load\" alt=\"A la Kwakans\" data-src=\"https:\/\/www.dev.miziknou.com\/wpmzn\/wp-content\/uploads\/2023\/05\/7786a31c7e7d8f55f2ff28e0fb4bccc9-370x545.jpg\" data-srcset=\"https:\/\/www.dev.miziknou.com\/wpmzn\/wp-content\/uploads\/2023\/05\/7786a31c7e7d8f55f2ff28e0fb4bccc9-370x545.jpg 370w, https:\/\/www.dev.miziknou.com\/wpmzn\/wp-content\/uploads\/2023\/05\/7786a31c7e7d8f55f2ff28e0fb4bccc9-100x147.jpg 100w\" data-sizes=\"(max-width: 370px) 100vw, 370px\" \/><\/div><div class=\"gt-details\"><div class=\"gt-release-date\">1993<\/div><div class=\"gt-title\"><a href=\"https:\/\/www.dev.miziknou.com\/wpmzn\/title-item\/a-la-kwakans\/\">A la Kwakans<\/a><\/div><div class=\"gt-genres\"><ul><li><a href=\"https:\/\/www.dev.miziknou.com\/wpmzn\/title-genre\/zouk\/?post_type=title-item\">Zouk<\/a><\/li><\/ul><\/div><div class=\"gt-types\"><ul><li><a href=\"https:\/\/www.dev.miziknou.com\/wpmzn\/title-type\/album\/?post_type=title-item\">Album<\/a><\/li><\/ul><\/div><\/div><\/div><\/div><div class=\"gt-grid-col\"><div class=\"gt-title-item gt-style-1 gt-align-center gt-light\"><div class=\"gt-poster\"><a href=\"https:\/\/www.dev.miziknou.com\/wpmzn\/title-item\/galvanisee\/\"><\/a><img loading=\"lazy\" decoding=\"async\" width=\"370\" height=\"370\" src=\"data:image\/svg+xml,%3Csvg%20xmlns%3D%27https:\/\/www.w3.org\/2000\/svg%27%20viewBox%3D%270%200%203%202%27%3E%3C\/svg%3E\" class=\"attachment-noxe-title-poster-1 size-noxe-title-poster-1 gt-lazy-load\" alt=\"Galvanis\u00e9e\" data-src=\"https:\/\/www.dev.miziknou.com\/wpmzn\/wp-content\/uploads\/2023\/05\/qbckbckh-1.jpg\" \/><\/div><div class=\"gt-details\"><div class=\"gt-release-date\">1996<\/div><div class=\"gt-title\"><a href=\"https:\/\/www.dev.miziknou.com\/wpmzn\/title-item\/galvanisee\/\">Galvanis\u00e9e<\/a><\/div><div class=\"gt-genres\"><ul><li><a href=\"https:\/\/www.dev.miziknou.com\/wpmzn\/title-genre\/zouk\/?post_type=title-item\">Zouk<\/a><\/li><\/ul><\/div><div class=\"gt-types\"><ul><li><a href=\"https:\/\/www.dev.miziknou.com\/wpmzn\/title-type\/album\/?post_type=title-item\">Album<\/a><\/li><\/ul><\/div><\/div><\/div><\/div><div class=\"gt-grid-col\"><div class=\"gt-title-item gt-style-1 gt-align-center gt-light\"><div class=\"gt-poster\"><a href=\"https:\/\/www.dev.miziknou.com\/wpmzn\/title-item\/sakiyo\/\"><\/a><img loading=\"lazy\" decoding=\"async\" width=\"370\" height=\"545\" src=\"data:image\/svg+xml,%3Csvg%20xmlns%3D%27https:\/\/www.w3.org\/2000\/svg%27%20viewBox%3D%270%200%203%202%27%3E%3C\/svg%3E\" class=\"attachment-noxe-title-poster-1 size-noxe-title-poster-1 gt-lazy-load\" alt=\"Sakiyo\" data-src=\"https:\/\/www.dev.miziknou.com\/wpmzn\/wp-content\/uploads\/2023\/05\/9acf8e3b949db341e6c20fb19b0c3151-370x545.jpeg\" data-srcset=\"https:\/\/www.dev.miziknou.com\/wpmzn\/wp-content\/uploads\/2023\/05\/9acf8e3b949db341e6c20fb19b0c3151-370x545.jpeg 370w, https:\/\/www.dev.miziknou.com\/wpmzn\/wp-content\/uploads\/2023\/05\/9acf8e3b949db341e6c20fb19b0c3151-100x147.jpeg 100w\" data-sizes=\"(max-width: 370px) 100vw, 370px\" \/><\/div><div class=\"gt-details\"><div class=\"gt-title\"><a href=\"https:\/\/www.dev.miziknou.com\/wpmzn\/title-item\/sakiyo\/\">Sakiyo<\/a><\/div><div class=\"gt-types\"><ul><li><a href=\"https:\/\/www.dev.miziknou.com\/wpmzn\/title-type\/album\/?post_type=title-item\">Album<\/a><\/li><\/ul><\/div><\/div><\/div><\/div><\/div><\/div>[\/vc_column][\/vc_row]<\/p>\n<\/section>","protected":false},"excerpt":{"rendered":"excerpt","protected":false},"author":1,"featured_media":0,"parent":0,"menu_order":0,"comment_status":"closed","ping_status":"closed","template":"","meta":{"episode_type":"","audio_file":"","cover_image":"","cover_image_id":"","duration":"","filesize":"","date_recorded":"","explicit":"","block":"","filesize_raw":"","footnotes":""},"class_list":["post-3955","page","type-page","status-publish","hentry"],"_links":{"self":[{"href":"https:\/\/www.dev.miziknou.com\/wpmzn\/wp-json\/wp\/v2\/pages\/3955","targetHints":{"allow":["GET"]}}],"collection":[{"href":"https:\/\/www.dev.miziknou.com\/wpmzn\/wp-json\/wp\/v2\/pages"}],"about":[{"href":"https:\/\/www.dev.miziknou.com\/wpmzn\/wp-json\/wp\/v2\/types\/page"}],"author":[{"embeddable":true,"href":"https:\/\/www.dev.miziknou.com\/wpmzn\/wp-json\/wp\/v2\/users\/1"}],"replies":[{"embeddable":true,"href":"https:\/\/www.dev.miziknou.com\/wpmzn\/wp-json\/wp\/v2\/comments?post=3955"}],"version-history":[{"count":10,"href":"https:\/\/www.dev.miziknou.com\/wpmzn\/wp-json\/wp\/v2\/pages\/3955\/revisions"}],"predecessor-version":[{"id":11965,"href":"https:\/\/www.dev.miziknou.com\/wpmzn\/wp-json\/wp\/v2\/pages\/3955\/revisions\/11965"}],"wp:attachment":[{"href":"https:\/\/www.dev.miziknou.com\/wpmzn\/wp-json\/wp\/v2\/media?parent=3955"}],"curies":[{"name":"wp","href":"https:\/\/api.w.org\/{rel}","templated":true}]}}